{"id":604,"date":"2025-09-05T14:45:34","date_gmt":"2025-09-05T14:45:34","guid":{"rendered":"https:\/\/refric.com.tr\/?post_type=product&#038;p=604"},"modified":"2025-09-05T14:46:54","modified_gmt":"2025-09-05T14:46:54","slug":"frez-bombe-camli-mezelik-teshir-reyonu","status":"publish","type":"product","link":"https:\/\/refric.com.tr\/?product=frez-bombe-camli-mezelik-teshir-reyonu","title":{"rendered":"FREZ &#8211; BOMBE CAMLI MEZEL\u0130K TE\u015eH\u0130R REYONU"},"content":{"rendered":"","protected":false},"excerpt":{"rendered":"<h4>GENEL \u00d6ZELL\u0130KLER:<\/h4>\n<ul>\n<li>Motor b\u00fcnyesinde<\/li>\n<li>S\u00fcrg\u00fc cam kapakl\u0131<\/li>\n<li>\u00d6n mobilye mdf lam<\/li>\n<li>Led ve spotlar g\u00fcn \u0131\u015f\u0131\u011f\u0131 rengi<\/li>\n<li>\u0130\u00e7 d\u0131\u015f saclama siyah<\/li>\n<li>Seren siyah sac<\/li>\n<li>Etek sac\u0131 siyah<\/li>\n<li>Ayaklar sabit ve tekerli<\/li>\n<li>Taban +3 rafl\u0131<\/li>\n<li>Camlar tamperli<\/li>\n<\/ul>\n","protected":false},"featured_media":605,"comment_status":"open","ping_status":"closed","template":"","meta":{"saved_in_kubio":false},"product_brand":[],"product_cat":[34],"product_tag":[],"class_list":{"0":"post-604","1":"product","2":"type-product","3":"status-publish","4":"has-post-thumbnail","6":"product_cat-sogutma","8":"first","9":"instock","10":"shipping-taxable","11":"product-type-grouped"},"_links":{"self":[{"href":"https:\/\/refric.com.tr\/index.php?rest_route=\/wp\/v2\/product\/604","targetHints":{"allow":["GET"]}}],"collection":[{"href":"https:\/\/refric.com.tr\/index.php?rest_route=\/wp\/v2\/product"}],"about":[{"href":"https:\/\/refric.com.tr\/index.php?rest_route=\/wp\/v2\/types\/product"}],"replies":[{"embeddable":true,"href":"https:\/\/refric.com.tr\/index.php?rest_route=%2Fwp%2Fv2%2Fcomments&post=604"}],"wp:featuredmedia":[{"embeddable":true,"href":"https:\/\/refric.com.tr\/index.php?rest_route=\/wp\/v2\/media\/605"}],"wp:attachment":[{"href":"https:\/\/refric.com.tr\/index.php?rest_route=%2Fwp%2Fv2%2Fmedia&parent=604"}],"wp:term":[{"taxonomy":"product_brand","embeddable":true,"href":"https:\/\/refric.com.tr\/index.php?rest_route=%2Fwp%2Fv2%2Fproduct_brand&post=604"},{"taxonomy":"product_cat","embeddable":true,"href":"https:\/\/refric.com.tr\/index.php?rest_route=%2Fwp%2Fv2%2Fproduct_cat&post=604"},{"taxonomy":"product_tag","embeddable":true,"href":"https:\/\/refric.com.tr\/index.php?rest_route=%2Fwp%2Fv2%2Fproduct_tag&post=604"}],"curies":[{"name":"wp","href":"https:\/\/api.w.org\/{rel}","templated":true}]}}