{"id":629,"date":"2025-09-05T15:06:40","date_gmt":"2025-09-05T15:06:40","guid":{"rendered":"https:\/\/refric.com.tr\/?post_type=product&#038;p=629"},"modified":"2025-09-05T15:06:40","modified_gmt":"2025-09-05T15:06:40","slug":"casee","status":"publish","type":"product","link":"https:\/\/refric.com.tr\/?product=casee","title":{"rendered":"CASEE"},"content":{"rendered":"","protected":false},"excerpt":{"rendered":"<h4>GENEL \u00d6ZELL\u0130KLER:<\/h4>\n<ul>\n<li>\u00dcst granit tabla<\/li>\n<li>Ayarlanabilir ayak sistemi<\/li>\n<li>\u00d6n opsiyonel giydirme dekor<\/li>\n<li>Paslanmaz \u00e7elik g\u00f6vde<\/li>\n<li>M\u00fc\u015fteri do\u011frultusunda<br \/>\nstandart \u00f6l\u00e7\u00fc ve \u00f6zel \u00f6l\u00e7\u00fc<br \/>\nse\u00e7enekleri ile \u00fcretilmektedir.<\/li>\n<\/ul>\n<hr \/>\n<h4>\u00d6L\u00c7\u00dcLER:<\/h4>\n<ul>\n<li>40*88*90 cm &#8211; 35 KG<\/li>\n<li>60*88*90 cm &#8211; 45 KG<\/li>\n<li>90*88*90 cm &#8211; 55 KG<\/li>\n<li>110*88*90 cm &#8211; 65 KG<\/li>\n<li>130*88*90 cm &#8211; 75 KG<\/li>\n<\/ul>\n","protected":false},"featured_media":630,"comment_status":"open","ping_status":"closed","template":"","meta":{"saved_in_kubio":false},"product_brand":[],"product_cat":[34],"product_tag":[],"class_list":{"0":"post-629","1":"product","2":"type-product","3":"status-publish","4":"has-post-thumbnail","6":"product_cat-sogutma","8":"first","9":"instock","10":"shipping-taxable","11":"product-type-grouped"},"_links":{"self":[{"href":"https:\/\/refric.com.tr\/index.php?rest_route=\/wp\/v2\/product\/629","targetHints":{"allow":["GET"]}}],"collection":[{"href":"https:\/\/refric.com.tr\/index.php?rest_route=\/wp\/v2\/product"}],"about":[{"href":"https:\/\/refric.com.tr\/index.php?rest_route=\/wp\/v2\/types\/product"}],"replies":[{"embeddable":true,"href":"https:\/\/refric.com.tr\/index.php?rest_route=%2Fwp%2Fv2%2Fcomments&post=629"}],"wp:featuredmedia":[{"embeddable":true,"href":"https:\/\/refric.com.tr\/index.php?rest_route=\/wp\/v2\/media\/630"}],"wp:attachment":[{"href":"https:\/\/refric.com.tr\/index.php?rest_route=%2Fwp%2Fv2%2Fmedia&parent=629"}],"wp:term":[{"taxonomy":"product_brand","embeddable":true,"href":"https:\/\/refric.com.tr\/index.php?rest_route=%2Fwp%2Fv2%2Fproduct_brand&post=629"},{"taxonomy":"product_cat","embeddable":true,"href":"https:\/\/refric.com.tr\/index.php?rest_route=%2Fwp%2Fv2%2Fproduct_cat&post=629"},{"taxonomy":"product_tag","embeddable":true,"href":"https:\/\/refric.com.tr\/index.php?rest_route=%2Fwp%2Fv2%2Fproduct_tag&post=629"}],"curies":[{"name":"wp","href":"https:\/\/api.w.org\/{rel}","templated":true}]}}