{"id":643,"date":"2025-09-05T15:26:10","date_gmt":"2025-09-05T15:26:10","guid":{"rendered":"https:\/\/refric.com.tr\/?post_type=product&#038;p=643"},"modified":"2025-09-05T15:38:49","modified_gmt":"2025-09-05T15:38:49","slug":"glazz-benmari-reyonu-150-cm","status":"publish","type":"product","link":"https:\/\/refric.com.tr\/?product=glazz-benmari-reyonu-150-cm","title":{"rendered":"GLAZZ &#8211; BENMAR\u0130 REYONU (150 CM)"},"content":{"rendered":"","protected":false},"excerpt":{"rendered":"<h4>\u00d6ZELL\u0130KLER:<\/h4>\n<ul>\n<li>Termostatik kumanda<\/li>\n<li>220 V 50 Hz Enerji<\/li>\n<li>Paslanmaz \u00e7elik havuz<\/li>\n<li>Su tahliye vanas\u0131<\/li>\n<li>Led ayd\u0131nlatma<\/li>\n<li>Opsiyonel \u00f6n ah\u015fap giydirme<\/li>\n<li>Paslanmaz \u00e7elik g\u00f6vde<\/li>\n<li>Standart \u00fcr\u00fcnlerimizde k\u00fcvet bulunmaktad\u0131r.<\/li>\n<li>M\u00fc\u015fteri do\u011frultusunda standart \u00f6l\u00e7\u00fc ve<br \/>\n\u00f6zel \u00f6l\u00e7\u00fc se\u00e7enekleri ile \u00fcre lmektedir.<\/li>\n<li>\u00c7al\u0131\u015fma s\u0131cakl\u0131\u011f\u0131 +30\/+70 Derece<\/li>\n<\/ul>\n<hr \/>\n<h4>\u00d6L\u00c7\u00dcLER:<\/h4>\n<ul>\n<li>80*88*133 cm &#8211; 100 KG<\/li>\n<li>125*88*133 cm &#8211; 120 KG<\/li>\n<li>150*88*133 cm &#8211; 140 KG<\/li>\n<li>180*88*133 cm &#8211; 170 KG<\/li>\n<li>210*88*133 cm &#8211; 200 KG<\/li>\n<\/ul>\n","protected":false},"featured_media":644,"comment_status":"open","ping_status":"closed","template":"","meta":{"saved_in_kubio":false},"product_brand":[],"product_cat":[34],"product_tag":[],"class_list":{"0":"post-643","1":"product","2":"type-product","3":"status-publish","4":"has-post-thumbnail","6":"product_cat-sogutma","8":"first","9":"instock","10":"shipping-taxable","11":"product-type-grouped"},"_links":{"self":[{"href":"https:\/\/refric.com.tr\/index.php?rest_route=\/wp\/v2\/product\/643","targetHints":{"allow":["GET"]}}],"collection":[{"href":"https:\/\/refric.com.tr\/index.php?rest_route=\/wp\/v2\/product"}],"about":[{"href":"https:\/\/refric.com.tr\/index.php?rest_route=\/wp\/v2\/types\/product"}],"replies":[{"embeddable":true,"href":"https:\/\/refric.com.tr\/index.php?rest_route=%2Fwp%2Fv2%2Fcomments&post=643"}],"wp:featuredmedia":[{"embeddable":true,"href":"https:\/\/refric.com.tr\/index.php?rest_route=\/wp\/v2\/media\/644"}],"wp:attachment":[{"href":"https:\/\/refric.com.tr\/index.php?rest_route=%2Fwp%2Fv2%2Fmedia&parent=643"}],"wp:term":[{"taxonomy":"product_brand","embeddable":true,"href":"https:\/\/refric.com.tr\/index.php?rest_route=%2Fwp%2Fv2%2Fproduct_brand&post=643"},{"taxonomy":"product_cat","embeddable":true,"href":"https:\/\/refric.com.tr\/index.php?rest_route=%2Fwp%2Fv2%2Fproduct_cat&post=643"},{"taxonomy":"product_tag","embeddable":true,"href":"https:\/\/refric.com.tr\/index.php?rest_route=%2Fwp%2Fv2%2Fproduct_tag&post=643"}],"curies":[{"name":"wp","href":"https:\/\/api.w.org\/{rel}","templated":true}]}}