{"id":648,"date":"2025-09-05T15:45:32","date_gmt":"2025-09-05T15:45:32","guid":{"rendered":"https:\/\/refric.com.tr\/?post_type=product&#038;p=648"},"modified":"2025-09-05T15:45:32","modified_gmt":"2025-09-05T15:45:32","slug":"noxx-pizza-hazirlik","status":"publish","type":"product","link":"https:\/\/refric.com.tr\/?product=noxx-pizza-hazirlik","title":{"rendered":"NOXX &#8211; P\u0130ZZA HAZIRLIK"},"content":{"rendered":"","protected":false},"excerpt":{"rendered":"<h4>\u00d6ZELL\u0130KLER:<\/h4>\n<ul>\n<li>\u00dcst granit<\/li>\n<li>Alt taraf so\u011fuk \u00fcfleme<\/li>\n<li>Led ayd\u0131nlatma<\/li>\n<li>1 raf sistemi<\/li>\n<li>Opsiyonel \u00f6n dekor giydirme<\/li>\n<li>Opsiyonel \u00f6n ah\u015fap giydirme<\/li>\n<li>\u00c7al\u0131\u015fma aral\u0131\u011f\u0131 0 I +4\u00b0C<\/li>\n<li>A\u00e7\u0131l\u0131rl\u0131 kapak sistemi.<\/li>\n<li>Termostatik kumanda<\/li>\n<\/ul>\n<hr \/>\n<h4>\u00d6L\u00c7\u00dcLER:<\/h4>\n<ul>\n<li>150*88*116 cm &#8211; 160 KG<\/li>\n<li>200*88*116 cm &#8211; 210 KG<\/li>\n<li>250*88*116 cm &#8211; 230 KG<\/li>\n<\/ul>\n","protected":false},"featured_media":649,"comment_status":"open","ping_status":"closed","template":"","meta":{"saved_in_kubio":false},"product_brand":[],"product_cat":[34],"product_tag":[],"class_list":{"0":"post-648","1":"product","2":"type-product","3":"status-publish","4":"has-post-thumbnail","6":"product_cat-sogutma","8":"first","9":"instock","10":"shipping-taxable","11":"product-type-grouped"},"_links":{"self":[{"href":"https:\/\/refric.com.tr\/index.php?rest_route=\/wp\/v2\/product\/648","targetHints":{"allow":["GET"]}}],"collection":[{"href":"https:\/\/refric.com.tr\/index.php?rest_route=\/wp\/v2\/product"}],"about":[{"href":"https:\/\/refric.com.tr\/index.php?rest_route=\/wp\/v2\/types\/product"}],"replies":[{"embeddable":true,"href":"https:\/\/refric.com.tr\/index.php?rest_route=%2Fwp%2Fv2%2Fcomments&post=648"}],"wp:featuredmedia":[{"embeddable":true,"href":"https:\/\/refric.com.tr\/index.php?rest_route=\/wp\/v2\/media\/649"}],"wp:attachment":[{"href":"https:\/\/refric.com.tr\/index.php?rest_route=%2Fwp%2Fv2%2Fmedia&parent=648"}],"wp:term":[{"taxonomy":"product_brand","embeddable":true,"href":"https:\/\/refric.com.tr\/index.php?rest_route=%2Fwp%2Fv2%2Fproduct_brand&post=648"},{"taxonomy":"product_cat","embeddable":true,"href":"https:\/\/refric.com.tr\/index.php?rest_route=%2Fwp%2Fv2%2Fproduct_cat&post=648"},{"taxonomy":"product_tag","embeddable":true,"href":"https:\/\/refric.com.tr\/index.php?rest_route=%2Fwp%2Fv2%2Fproduct_tag&post=648"}],"curies":[{"name":"wp","href":"https:\/\/api.w.org\/{rel}","templated":true}]}}